{"id":200,"date":"2023-10-20T11:50:58","date_gmt":"2023-10-20T09:50:58","guid":{"rendered":"https:\/\/www.abim.eu\/data\/?page_id=200"},"modified":"2026-03-16T11:56:58","modified_gmt":"2026-03-16T10:56:58","slug":"home-duits","status":"publish","type":"page","link":"https:\/\/abim.eu\/de\/","title":{"rendered":"Home"},"content":{"rendered":"\n\n\t<div id=\"metaslider-id-1587\" style=\"width: 100%;\" class=\"ml-slider-3-108-0 ml-slider-pro-2-56-0 metaslider metaslider-flex metaslider-1587 ml-slider ms-theme-default nav-hidden\" role=\"region\" aria-label=\"Homepagina video DE\">\n    <div id=\"metaslider_container_1587\">\n        <div id=\"metaslider_1587\">\n            <ul class='slides'>\n                <li class='slide-1588 ms-vimeo ' style='display: block; width: 100%;' data-slide-type='vimeo' data-date='2023-11-02 06:40:35' data-filename='vimeo_880394923-1.jpg'><div id=\"vimeo_1588\" class=\"vimeo\" style=\"position:relative;padding-bottom:56.25%;height:0\" data-id=\"880394923\" data-muted=\"1\" data-autoplay=\"1\" data-lazy-load=\"0\" data-slide-id=\"1588\" data-url=\"https:\/\/player.vimeo.com\/video\/880394923?player_id=vimeo_1588&byline=0&title=0&portrait=0&loop=1&controls=0\" data-width=\"\" data-height=\"\"><\/div><\/li>\n            <\/ul>\n        <\/div>\n        \n    <\/div>\n<\/div>\n\t\t<h2>\n\t\t\tUnsere Modelle\n\t\t<\/h2>\n\t&nbsp;\n<h1>\n\t\t\tStahl-Motoryachten der Spitzenklasse von ABIM Yachting\t<\/h1>\n\t<p>Als erfahrene Experten wissen wir, welche Anforderungen eine Motoryacht aus Stahl erf\u00fcllen muss, um ausgedehnte Bootstouren angenehm und komfortabel zu gestalten. Unsere Leidenschaft f\u00fcr den Yachtbau ist in jedem Detail unserer Schiffe sichtbar. Das Team von ABIM Yachting vereint professionelle Handwerkskunst mit innovativer Technik und kreativen Ideen. So entwerfen und bauen wir Motoryachten aus Stahl, die sich durch Komfort und Leistung auszeichnen.<\/p>\n\t<p>Wir entwerfen und bauen jede Yacht mit gr\u00f6\u00dfter Sorgfalt und Liebe zum Detail.<\/p>\n\t\t\t<a href=\"https:\/\/www.abim.eu\/de\/modelle\/\"  target=\"_self\">\n\t\t\t\t\t\t\tUnsere Modelle ansehen\n\t\t\t\t\t<\/a>\n<h2>\n\t\t\tEigenschaften unserer Motoryachten:\t<\/h2>\n\t<p><strong>Klassische Linien und breite Gangways<\/strong> schaffen ein attraktives Design und sorgen f\u00fcr sichere Begehbarkeit<\/p>\n<p><strong>Gro\u00dfes Achterdeck mit formsch\u00f6ner Wendeltreppe zur Badeplattform<\/strong> f\u00fcr entspannende und erholsame Momente<\/p>\n<p><strong>Separater Dusch- und Toilettenraum<\/strong> f\u00fcr Komfort und Privatsph\u00e4re<\/p>\n<p><strong>Komfortabel und stilvoll eingerichtete Innenbereiche<\/strong> mit sorgf\u00e4ltig verarbeiteter Innenausstattung f\u00fcr eine luxuri\u00f6se und wohnliche Atmosph\u00e4re an Bord<\/p>\n<p><strong>Besonders leiser und laufruhiger Vetus-Deutz-Motor<\/strong> f\u00fcr ein ruhiges und komfortables Fahrerlebnis<\/p>\n<p><strong>Auswahl von Motoryachten mit einer L\u00e4nge von 11,4 bis 14,4 Metern<\/strong> f\u00fcr Ihre individuelle Vorliebe<\/p>\n\t&nbsp;\n\t<p>Unsere Luxusyachten bieten die perfekte Balance zwischen Komfort und Leistung. Das macht jede Tour mit unseren Stahl-Motoryachten von der Abreise bis zur R\u00fcckkehr in den Heimathafen zu einem besonderen Vergn\u00fcgen.<\/p>\n<h2>M\u00f6chten Sie Ihre alte ABIM-Yacht in Zahlung geben oder \u00fcber uns verkaufen? Das ist m\u00f6glich!<\/h2>\n<p><a href=\"https:\/\/abim.eu\/de\/kontakt\/\">Vereinbaren Sie gleich einen Termin<\/a> bei uns im Werftgel\u00e4nde. Dann pr\u00fcfen wir die M\u00f6glichkeiten. Schlie\u00dflich wissen wir bei ABIM Yachting, wie wir den besten Wert f\u00fcr Ihre ABIM-Yacht ermitteln. So k\u00f6nnen Sie sich stets auf einen fairen Preis verlassen.<\/p>\n\n","protected":false},"excerpt":{"rendered":"<p>Unsere Modelle &nbsp; Stahl-Motoryachten der Spitzenklasse von ABIM Yachting Als erfahrene Experten wissen wir, welche Anforderungen eine Motoryacht aus Stahl erf\u00fcllen muss, um ausgedehnte Bootstouren angenehm und komfortabel zu gestalten. Unsere Leidenschaft f\u00fcr den Yachtbau ist in jedem Detail unserer Schiffe sichtbar. Das Team von ABIM Yachting vereint professionelle Handwerkskunst mit innovativer Technik und kreativen&hellip;<\/p>\n","protected":false},"author":1,"featured_media":0,"parent":0,"menu_order":1,"comment_status":"closed","ping_status":"closed","template":"","meta":{"footnotes":""},"class_list":["post-200","page","type-page","status-publish","hentry"],"_links":{"self":[{"href":"https:\/\/abim.eu\/de\/wp-json\/wp\/v2\/pages\/200","targetHints":{"allow":["GET"]}}],"collection":[{"href":"https:\/\/abim.eu\/de\/wp-json\/wp\/v2\/pages"}],"about":[{"href":"https:\/\/abim.eu\/de\/wp-json\/wp\/v2\/types\/page"}],"author":[{"embeddable":true,"href":"https:\/\/abim.eu\/de\/wp-json\/wp\/v2\/users\/1"}],"replies":[{"embeddable":true,"href":"https:\/\/abim.eu\/de\/wp-json\/wp\/v2\/comments?post=200"}],"version-history":[{"count":3,"href":"https:\/\/abim.eu\/de\/wp-json\/wp\/v2\/pages\/200\/revisions"}],"predecessor-version":[{"id":9916,"href":"https:\/\/abim.eu\/de\/wp-json\/wp\/v2\/pages\/200\/revisions\/9916"}],"wp:attachment":[{"href":"https:\/\/abim.eu\/de\/wp-json\/wp\/v2\/media?parent=200"}],"curies":[{"name":"wp","href":"https:\/\/api.w.org\/{rel}","templated":true}]}}