{"id":264,"date":"2023-10-21T14:53:08","date_gmt":"2023-10-21T12:53:08","guid":{"rendered":"https:\/\/www.abim.eu\/data\/?page_id=264"},"modified":"2025-11-13T10:22:22","modified_gmt":"2025-11-13T09:22:22","slug":"messen","status":"publish","type":"page","link":"https:\/\/abim.eu\/de\/messen\/","title":{"rendered":"Messen"},"content":{"rendered":"\n\n\t&nbsp;\n<h1>\n\t\t\tBesuchen Sie ABIM Yachting auf Bootsmessen und Bootsausstellungen\t<\/h1>\n\t<p>Mit unseren Motoryachten aus Stahl sind wir regelm\u00e4\u00dfig auf Bootsmessen, Wassersportmessen und Bootsshows vertreten. Besuchen Sie unseren Stand w\u00e4hrend der folgenden Veranstaltungen und entdecken Sie unsere Luxusyachten aus n\u00e4chster N\u00e4he.<\/p>\n<table  data-tablesaw-minimap>\n\t\t\t<thead>\n\t\t<tr>\n\t\t\t<th id=\"pp-table-col-1\" scope=\"col\" data-tablesaw-sortable-col>\t\t\t\t\t\n\t\t\t\t\t\t\t\t\t\t\t\tDatum\t\t\t\t\t\n\t\t\t\t\t<\/th><th id=\"pp-table-col-2\" scope=\"col\" data-tablesaw-sortable-col>\t\t\t\t\t\n\t\t\t\t\t\t\t\t\t\t\t\tName Messe\t\t\t\t\t\n\t\t\t\t\t<\/th><th id=\"pp-table-col-3\" scope=\"col\" data-tablesaw-sortable-col>\t\t\t\t\t\n\t\t\t\t\t\t\t\t\t\t\t\tWeitere Informationen\t\t\t\t\t\n\t\t\t\t\t<\/th>\t\t<\/tr>\n\t<\/thead>\n\t\t<tbody>\n\t\t<tr data-row-index=\"1\"><td>2 &#8211; 6 september 2026<\/td><td>Hiswa te Water &#8211; NL<\/td><td><a href=\"https:\/\/www.hiswatewater.nl\/\" target=\"_blank\" rel=\"noopener\">mehr Informationen<\/a><\/td><\/tr><tr data-row-index=\"2\"><td>17 &#8211; 19 april 2026<\/td><td>Motorboot Sneek &#8211; Voorjaarsshow &#8211; NL<\/td><td><a href=\"https:\/\/www.motorbootsneek.nl\/\" target=\"_blank\" rel=\"noopener\">mehr Informationen<\/a><\/td><\/tr>\t<\/tbody>\n<\/table>\n\n","protected":false},"excerpt":{"rendered":"<p>&nbsp; Besuchen Sie ABIM Yachting auf Bootsmessen und Bootsausstellungen Mit unseren Motoryachten aus Stahl sind wir regelm\u00e4\u00dfig auf Bootsmessen, Wassersportmessen und Bootsshows vertreten. Besuchen Sie unseren Stand w\u00e4hrend der folgenden Veranstaltungen und entdecken Sie unsere Luxusyachten aus n\u00e4chster N\u00e4he. Datum Name Messe Weitere Informationen 2 &#8211; 6 september 2026 Hiswa te Water &#8211; NL mehr&hellip;<\/p>\n","protected":false},"author":1,"featured_media":0,"parent":0,"menu_order":4,"comment_status":"closed","ping_status":"closed","template":"","meta":{"footnotes":""},"class_list":["post-264","page","type-page","status-publish","hentry"],"_links":{"self":[{"href":"https:\/\/abim.eu\/de\/wp-json\/wp\/v2\/pages\/264","targetHints":{"allow":["GET"]}}],"collection":[{"href":"https:\/\/abim.eu\/de\/wp-json\/wp\/v2\/pages"}],"about":[{"href":"https:\/\/abim.eu\/de\/wp-json\/wp\/v2\/types\/page"}],"author":[{"embeddable":true,"href":"https:\/\/abim.eu\/de\/wp-json\/wp\/v2\/users\/1"}],"replies":[{"embeddable":true,"href":"https:\/\/abim.eu\/de\/wp-json\/wp\/v2\/comments?post=264"}],"version-history":[{"count":3,"href":"https:\/\/abim.eu\/de\/wp-json\/wp\/v2\/pages\/264\/revisions"}],"predecessor-version":[{"id":9823,"href":"https:\/\/abim.eu\/de\/wp-json\/wp\/v2\/pages\/264\/revisions\/9823"}],"wp:attachment":[{"href":"https:\/\/abim.eu\/de\/wp-json\/wp\/v2\/media?parent=264"}],"curies":[{"name":"wp","href":"https:\/\/api.w.org\/{rel}","templated":true}]}}