{"id":386,"date":"2023-10-21T14:53:23","date_gmt":"2023-10-21T12:53:23","guid":{"rendered":"https:\/\/www.abim.eu\/data\/?page_id=386"},"modified":"2025-06-02T13:35:39","modified_gmt":"2025-06-02T11:35:39","slug":"abim-yachting-in-den-medien","status":"publish","type":"page","link":"https:\/\/abim.eu\/de\/abim-yachting-in-den-medien\/","title":{"rendered":"ABIM Yachting in den Medien"},"content":{"rendered":"\n\n\t&nbsp;\n<h1>\n\t\t\tPaginatitel (h1)\t<\/h1>\n\t<p>Unsere komfortablen und erschwinglichen Motoryachten aus Stahl erhalten regelm\u00e4\u00dfig mediale Aufmerksamkeit. In den nachfolgenden Medienberichten finden Sie aktuelle Informationen \u00fcber ABIM Yachting und unsere Modelle.<\/p>\n\t<meta itemscope itemprop=\"mainEntityOfPage\" itemtype=\"https:\/\/schema.org\/WebPage\" itemid=\"http:\/\/9295\" content=\"Charterboot-test ABIM Classic 124 Exclusive\" \/><meta itemprop=\"datePublished\" content=\"2025-03-26\" \/><meta itemprop=\"dateModified\" content=\"2025-03-26\" \/><meta itemprop=\"name\" content=\"ABIM Yachting B.V.\"\/><meta itemprop=\"url\" content=\"https:\/\/abim.eu\/de\/author\/admin\/\" \/><meta itemprop=\"name\" content=\"admin\" \/><meta itemprop=\"url\" content=\"https:\/\/abim.eu\/wp-content\/uploads\/abim-124-1.jpg\" \/><meta itemprop=\"width\" content=\"800\" \/><meta itemprop=\"height\" content=\"533\" \/><meta itemprop=\"interactionType\" content=\"https:\/\/schema.org\/CommentAction\" \/><meta itemprop=\"userInteractionCount\" content=\"0\" \/>\n\t\t\t\t<a href=\"https:\/\/abim.eu\/de\/charterboot-test-abim-classic-124-exclusive\/\" title=\"Charterboot-test ABIM Classic 124 Exclusive\"><\/a>\n\t\t\t\t<h2 itemprop=\"headline\">\n\t\t\t<a href=\"https:\/\/abim.eu\/de\/charterboot-test-abim-classic-124-exclusive\/\" title=\"Charterboot-test ABIM Classic 124 Exclusive\">Charterboot-test ABIM Classic 124 Exclusive<\/a>\n\t\t<\/h2>\n\t<meta itemscope itemprop=\"mainEntityOfPage\" itemtype=\"https:\/\/schema.org\/WebPage\" itemid=\"http:\/\/404\" content=\"Bootfahren-Test ABIM-Classic 134 SUPERIOR\" \/><meta itemprop=\"datePublished\" content=\"2023-10-25\" \/><meta itemprop=\"dateModified\" content=\"2023-10-25\" \/><meta itemprop=\"name\" content=\"ABIM Yachting B.V.\"\/><meta itemprop=\"url\" content=\"https:\/\/abim.eu\/de\/author\/admin\/\" \/><meta itemprop=\"name\" content=\"admin\" \/><meta itemprop=\"url\" content=\"https:\/\/abim.eu\/wp-content\/uploads\/IMG_0584-1-scaled-1.jpg\" \/><meta itemprop=\"width\" content=\"2560\" \/><meta itemprop=\"height\" content=\"1707\" \/><meta itemprop=\"interactionType\" content=\"https:\/\/schema.org\/CommentAction\" \/><meta itemprop=\"userInteractionCount\" content=\"0\" \/>\n\t\t\t\t<a href=\"https:\/\/abim.eu\/de\/bootfahren-test-abim-classic-134-superior\/\" title=\"Bootfahren-Test ABIM-Classic 134 SUPERIOR\"><\/a>\n\t\t\t\t<h2 itemprop=\"headline\">\n\t\t\t<a href=\"https:\/\/abim.eu\/de\/bootfahren-test-abim-classic-134-superior\/\" title=\"Bootfahren-Test ABIM-Classic 134 SUPERIOR\">Bootfahren-Test ABIM-Classic 134 SUPERIOR<\/a>\n\t\t<\/h2>\n\t<meta itemscope itemprop=\"mainEntityOfPage\" itemtype=\"https:\/\/schema.org\/WebPage\" itemid=\"http:\/\/402\" content=\"Bootfahren Test ABIM-Classic 124 Exclusive\" \/><meta itemprop=\"datePublished\" content=\"2023-10-25\" \/><meta itemprop=\"dateModified\" content=\"2023-10-25\" \/><meta itemprop=\"name\" content=\"ABIM Yachting B.V.\"\/><meta itemprop=\"url\" content=\"https:\/\/abim.eu\/de\/author\/admin\/\" \/><meta itemprop=\"name\" content=\"admin\" \/><meta itemprop=\"url\" content=\"https:\/\/abim.eu\/wp-content\/uploads\/abim-124-1.jpg\" \/><meta itemprop=\"width\" content=\"800\" \/><meta itemprop=\"height\" content=\"533\" \/><meta itemprop=\"interactionType\" content=\"https:\/\/schema.org\/CommentAction\" \/><meta itemprop=\"userInteractionCount\" content=\"0\" \/>\n\t\t\t\t<a href=\"https:\/\/abim.eu\/de\/bootfahren-test-abim-classic-124-exclusive\/\" title=\"Bootfahren Test ABIM-Classic 124 Exclusive\"><\/a>\n\t\t\t\t<h2 itemprop=\"headline\">\n\t\t\t<a href=\"https:\/\/abim.eu\/de\/bootfahren-test-abim-classic-124-exclusive\/\" title=\"Bootfahren Test ABIM-Classic 124 Exclusive\">Bootfahren Test ABIM-Classic 124 Exclusive<\/a>\n\t\t<\/h2>\n\t<meta itemscope itemprop=\"mainEntityOfPage\" itemtype=\"https:\/\/schema.org\/WebPage\" itemid=\"http:\/\/400\" content=\"Bootfahren Test ABIM-Classic 114 Exclusive\" \/><meta itemprop=\"datePublished\" content=\"2023-10-25\" \/><meta itemprop=\"dateModified\" content=\"2025-03-26\" \/><meta itemprop=\"name\" content=\"ABIM Yachting B.V.\"\/><meta itemprop=\"url\" content=\"https:\/\/abim.eu\/de\/author\/admin\/\" \/><meta itemprop=\"name\" content=\"admin\" \/><meta itemprop=\"url\" content=\"https:\/\/abim.eu\/wp-content\/uploads\/Emira-e1575917595527.jpg\" \/><meta itemprop=\"width\" content=\"2048\" \/><meta itemprop=\"height\" content=\"1152\" \/><meta itemprop=\"interactionType\" content=\"https:\/\/schema.org\/CommentAction\" \/><meta itemprop=\"userInteractionCount\" content=\"0\" \/>\n\t\t\t\t<a href=\"https:\/\/abim.eu\/de\/bootfahren-test-abim-classic-114-exclusive\/\" title=\"Bootfahren Test ABIM-Classic 114 Exclusive\"><\/a>\n\t\t\t\t<h2 itemprop=\"headline\">\n\t\t\t<a href=\"https:\/\/abim.eu\/de\/bootfahren-test-abim-classic-114-exclusive\/\" title=\"Bootfahren Test ABIM-Classic 114 Exclusive\">Bootfahren Test ABIM-Classic 114 Exclusive<\/a>\n\t\t<\/h2>\n\t<meta itemscope itemprop=\"mainEntityOfPage\" itemtype=\"https:\/\/schema.org\/WebPage\" itemid=\"http:\/\/395\" content=\"Bootfahren Test ABIM-Classic 128 Exclusive\" \/><meta itemprop=\"datePublished\" content=\"2023-10-25\" \/><meta itemprop=\"dateModified\" content=\"2025-03-26\" \/><meta itemprop=\"name\" content=\"ABIM Yachting B.V.\"\/><meta itemprop=\"url\" content=\"https:\/\/abim.eu\/de\/author\/admin\/\" \/><meta itemprop=\"name\" content=\"admin\" \/><meta itemprop=\"url\" content=\"https:\/\/abim.eu\/wp-content\/uploads\/118.jpg\" \/><meta itemprop=\"width\" content=\"1280\" \/><meta itemprop=\"height\" content=\"960\" \/><meta itemprop=\"interactionType\" content=\"https:\/\/schema.org\/CommentAction\" \/><meta itemprop=\"userInteractionCount\" content=\"0\" \/>\n\t\t\t\t<a href=\"https:\/\/abim.eu\/de\/bootfahren-test-abim-classic-128-exclusive\/\" title=\"Bootfahren Test ABIM-Classic 128 Exclusive\"><\/a>\n\t\t\t\t<h2 itemprop=\"headline\">\n\t\t\t<a href=\"https:\/\/abim.eu\/de\/bootfahren-test-abim-classic-128-exclusive\/\" title=\"Bootfahren Test ABIM-Classic 128 Exclusive\">Bootfahren Test ABIM-Classic 128 Exclusive<\/a>\n\t\t<\/h2>\n\t\t<!-- .pp-content-posts -->\n\n","protected":false},"excerpt":{"rendered":"<p>&nbsp; Paginatitel (h1) Unsere komfortablen und erschwinglichen Motoryachten aus Stahl erhalten regelm\u00e4\u00dfig mediale Aufmerksamkeit. In den nachfolgenden Medienberichten finden Sie aktuelle Informationen \u00fcber ABIM Yachting und unsere Modelle. Charterboot-test ABIM Classic 124 Exclusive Bootfahren-Test ABIM-Classic 134 SUPERIOR Bootfahren Test ABIM-Classic 124 Exclusive Bootfahren Test ABIM-Classic 114 Exclusive Bootfahren Test ABIM-Classic 128 Exclusive<\/p>\n","protected":false},"author":1,"featured_media":0,"parent":0,"menu_order":5,"comment_status":"closed","ping_status":"closed","template":"","meta":{"footnotes":""},"class_list":["post-386","page","type-page","status-publish","hentry"],"_links":{"self":[{"href":"https:\/\/abim.eu\/de\/wp-json\/wp\/v2\/pages\/386","targetHints":{"allow":["GET"]}}],"collection":[{"href":"https:\/\/abim.eu\/de\/wp-json\/wp\/v2\/pages"}],"about":[{"href":"https:\/\/abim.eu\/de\/wp-json\/wp\/v2\/types\/page"}],"author":[{"embeddable":true,"href":"https:\/\/abim.eu\/de\/wp-json\/wp\/v2\/users\/1"}],"replies":[{"embeddable":true,"href":"https:\/\/abim.eu\/de\/wp-json\/wp\/v2\/comments?post=386"}],"version-history":[{"count":1,"href":"https:\/\/abim.eu\/de\/wp-json\/wp\/v2\/pages\/386\/revisions"}],"predecessor-version":[{"id":9490,"href":"https:\/\/abim.eu\/de\/wp-json\/wp\/v2\/pages\/386\/revisions\/9490"}],"wp:attachment":[{"href":"https:\/\/abim.eu\/de\/wp-json\/wp\/v2\/media?parent=386"}],"curies":[{"name":"wp","href":"https:\/\/api.w.org\/{rel}","templated":true}]}}