{"id":8916,"date":"2023-11-01T15:24:54","date_gmt":"2023-11-01T14:24:54","guid":{"rendered":"https:\/\/www.abim.eu\/?page_id=8916"},"modified":"2025-01-29T15:57:54","modified_gmt":"2025-01-29T14:57:54","slug":"klassische-motoryachten-von-abim-yachting-bv","status":"publish","type":"page","link":"https:\/\/abim.eu\/de\/klassische-motoryachten-von-abim-yachting-bv\/","title":{"rendered":"Klassische Motoryachten von ABIM Yachting BV"},"content":{"rendered":"\n\n\t&nbsp;\n<h1>\n\t\tPaginatitel (h1)\n\t<\/h1>\n<h2>\n\t\tZeitlose Eleganz, moderne Funktionalit\u00e4t\n\t<\/h2>\n\t<p>Wir von ABIM Yachting BV sind \u00fcberzeugt davon, dass ein klassisches Schiff nicht einfach ein Boot ist, sondern ein St\u00fcck maritimer Kultur, das \u00fcber Generationen bewundert wird. Unsere ABIM Classic-Yachten kombinieren den zeitlosen Charme vergangener Zeiten mit moderner Innovation und Funktionalit\u00e4t. Daher sind unsere Yachten f\u00fcr Menschen konzipiert, die sowohl Wert auf Eleganz als auch auf Komfort legen.<\/p>\n\t\t\t<a href=\"https:\/\/abim.eu\/\/contact\/\" target=\"_self\">\n\t\t\t\t\t\t\tHolen Sie gleich ein Angebot ein\n\t\t\t\t\t<\/a>\n\t<h2>Wo Tradition und technologischer Fortschritt aufeinandertreffen<\/h2>\n<p>Die Schiffe der ABIM Classic-Reihe verf\u00fcgen \u00fcber einen stromlinienf\u00f6rmigen, glatten Rumpf, der an die Traditionen der fr\u00fchen Jahre des Schiffsbaus erinnert. Wir erg\u00e4nzen sie durch breite Gangways f\u00fcr einen einfachen Zugang. Obwohl das klassische Design nostalgische Erinnerungen weckt, sind unsere Yachten mit den neuesten Technologien und Annehmlichkeit ausgestattet, die Sie von einer modernen Yacht erwarten.<\/p>\n<h2>Handwerkskunst<\/h2>\n<p>Unsere klassischen Yachten sind eine Hommage an die maritimen Traditionen und zeichnen sich durch ihre edle Verarbeitung, Liebe zum Detail und zeitloses Design aus. Der abgerundete Achtersteven mit Wendeltreppe zur Badeplattform ist ein charakteristisches Element, das Eleganz und Funktionalit\u00e4t optimal miteinander verbindet. \u00dcber die Treppe gelangen Sie zum ger\u00e4umigen Achterdeck, das wir Loungedeck nennen und das mit einem U- oder L-f\u00f6rmigen Sofa zum Entspannen einl\u00e4dt. Das Achterdeck l\u00e4sst sich mit minimalem Aufwand mit einem Biminitop oder einem kompletten Cabrioverdeck zum Schutz vor jedem Wetter ausstatten.<\/p>\n\t\t\t<a href=\"https:\/\/abim.eu\/\/model-aanbod\/\" target=\"_self\">\n\t\t\t\t\t\t\tEntdecken Sie unsere Classic-Yachten\n\t\t\t\t\t<\/a>\n\t<h2>Auswahl zwischen zwei Bugsteven<\/h2>\n<p>Bei ABIM-Classic haben Sie die Wahl zwischen zwei traditionellen Steven: dem Axt-Steven und dem L\u00f6ffel-Steven. Der Axt-Steven verleiht Ihrer Yacht ein robustes Aussehen und bietet mehr Platz im Inneren des Schiffs. Ein L\u00f6ffel-Steven verringert den Wasserwiderstand des Bugs und erh\u00f6ht dadurch die Geschwindigkeit und die Effizienz. Wir gestalten jede der beiden Optionen so, dass sie die Leistung und Ihren Komfort optimieren.<\/p>\n<h2>Annehmlichkeiten und Luxus<\/h2>\n<p>Das Vordeck unserer klassischen Yachten ist ebenso beeindruckend wie das Achterdeck. Es ist eingerahmt von einem Edelstahlgel\u00e4nder und ausgestattet mit einem Fockmast sowie einem Bruce-Anker aus Edelstahl mit einer elektrischen Ankerwinde f\u00fcr die m\u00fchelose Bedienung. Der Rumpf ist elegant mit einem handgewebten Taufender aus strapazierf\u00e4higem Seil versehen, der den klassischen Look der Yacht unterstreicht.<\/p>\n<p>Auf dem Achterdeck finden Sie eine Heckdusche mit Mischbatterie, perfekt zum Abduschen nach einem Bad im Wasser. F\u00fcr den zus\u00e4tzlichen Komfort geh\u00f6ren Fenderk\u00e4fige, Festmacherf\u00fchrungen und eine Standard-Cockpit-Abdeckung zum Schutz der Instrumente vor Wind und Wetter zur Serienausstattung.<\/p>\n<h2>Warum eine ABIM Classic Yacht w\u00e4hlen?<\/h2>\n<p>Die ABIM Classic ist mehr als einfach eine Yacht. Sie ist ein St\u00fcck Geschichte voller Stil, Tradition und Luxus. Mit unserem einzigartigen Ansatz, Handwerkskunst und Individualisierung zu vereinen, schaffen wir eine Yacht, die Ihren W\u00fcnschen in vollem Umfang entspricht. Unabh\u00e4ngig davon, ob Sie sich f\u00fcr einen klassischen Look oder moderne Leistung entscheiden: Bei ABIM Yachting BV erhalten Sie garantiert eine Yacht, die mit Liebe zum Detail verbunden mit der Leidenschaft f\u00fcr Handwerkskunst gebaut wurde.<\/p>\n\t\t\t<a href=\"https:\/\/abim.eu\/\/contact\/\" target=\"_self\">\n\t\t\t\t\t\t\tPlanen Sie Ihr Beratungsgespr\u00e4ch\n\t\t\t\t\t<\/a>\n\t<h2>Entdecken Sie die klassische Eleganz von ABIM Yachting<\/h2>\n<p>Sind Sie bereit, Ihren Yachttraum zu verwirklichen? Kontaktieren Sie uns noch heute und erfahren Sie, wie wir Ihre Vision mit einer individuell gestalteten ABIM Classic-Yacht realisieren.<\/p>\n\t\t\t<a href=\"https:\/\/abim.eu\/\/contact\/\" target=\"_self\">\n\t\t\t\t\t\t\tKontaktieren Sie uns\n\t\t\t\t\t<\/a>\n\t\t\t\t<a\n\t\t\thref=\"https:\/\/abim.eu\/\/wp-content\/uploads\/IMG_0584-1-scaled-2.jpg\"\n\t\t\t\t\t\tdata-fancybox=\"images\" \n\t\t\ttitle=\"IMG_0584-1-scaled\" \n\t\t\t\t\t\tdata-description=\"\" \n\t\t\titemprop=\"contentUrl\">\n\t\t\t<img loading=\"lazy\" decoding=\"async\" src=\"https:\/\/abim.eu\/\/wp-content\/uploads\/IMG_0584-1-scaled-2.jpg\" alt=\"\" data-no-lazy=\"1\" itemprop=\"thumbnail\" width=\"2560\" height=\"1707\" \/>\n\t\t\t<!-- Overlay Wrapper -->\n\t\t\t <!-- Overlay Wrapper Closed -->\n\t\t\t\t<\/a>\n\t\t\t\t\t\t\t<meta itemprop=\"width\" content=\"2560\" \/>\n\t\t\t<meta itemprop=\"height\" content=\"1707\" \/>\n\t\t\t\t<a\n\t\t\thref=\"https:\/\/abim.eu\/\/wp-content\/uploads\/IMG_0573-1-scaled-1.jpg\"\n\t\t\t\t\t\tdata-fancybox=\"images\" \n\t\t\ttitle=\"IMG_0573-1-scaled\" \n\t\t\t\t\t\tdata-description=\"\" \n\t\t\titemprop=\"contentUrl\">\n\t\t\t<img loading=\"lazy\" decoding=\"async\" src=\"https:\/\/abim.eu\/\/wp-content\/uploads\/IMG_0573-1-scaled-1.jpg\" alt=\"\" data-no-lazy=\"1\" itemprop=\"thumbnail\" width=\"2560\" height=\"1707\" \/>\n\t\t\t<!-- Overlay Wrapper -->\n\t\t\t <!-- Overlay Wrapper Closed -->\n\t\t\t\t<\/a>\n\t\t\t\t\t\t\t<meta itemprop=\"width\" content=\"2560\" \/>\n\t\t\t<meta itemprop=\"height\" content=\"1707\" \/>\n\t\n","protected":false},"excerpt":{"rendered":"<p>&nbsp; Paginatitel (h1) Zeitlose Eleganz, moderne Funktionalit\u00e4t Wir von ABIM Yachting BV sind \u00fcberzeugt davon, dass ein klassisches Schiff nicht einfach ein Boot ist, sondern ein St\u00fcck maritimer Kultur, das \u00fcber Generationen bewundert wird. Unsere ABIM Classic-Yachten kombinieren den zeitlosen Charme vergangener Zeiten mit moderner Innovation und Funktionalit\u00e4t. Daher sind unsere Yachten f\u00fcr Menschen konzipiert,&hellip;<\/p>\n","protected":false},"author":1,"featured_media":0,"parent":0,"menu_order":101,"comment_status":"closed","ping_status":"closed","template":"","meta":{"footnotes":""},"class_list":["post-8916","page","type-page","status-publish","hentry"],"_links":{"self":[{"href":"https:\/\/abim.eu\/de\/wp-json\/wp\/v2\/pages\/8916","targetHints":{"allow":["GET"]}}],"collection":[{"href":"https:\/\/abim.eu\/de\/wp-json\/wp\/v2\/pages"}],"about":[{"href":"https:\/\/abim.eu\/de\/wp-json\/wp\/v2\/types\/page"}],"author":[{"embeddable":true,"href":"https:\/\/abim.eu\/de\/wp-json\/wp\/v2\/users\/1"}],"replies":[{"embeddable":true,"href":"https:\/\/abim.eu\/de\/wp-json\/wp\/v2\/comments?post=8916"}],"version-history":[{"count":0,"href":"https:\/\/abim.eu\/de\/wp-json\/wp\/v2\/pages\/8916\/revisions"}],"wp:attachment":[{"href":"https:\/\/abim.eu\/de\/wp-json\/wp\/v2\/media?parent=8916"}],"curies":[{"name":"wp","href":"https:\/\/api.w.org\/{rel}","templated":true}]}}