{"id":8921,"date":"2023-11-01T15:39:20","date_gmt":"2023-11-01T14:39:20","guid":{"rendered":"https:\/\/www.abim.eu\/?page_id=8921"},"modified":"2025-01-29T16:47:01","modified_gmt":"2025-01-29T15:47:01","slug":"kaufen-sie-ihre-eigene-luxusyacht-bei-abim-yachting","status":"publish","type":"page","link":"https:\/\/abim.eu\/de\/kaufen-sie-ihre-eigene-luxusyacht-bei-abim-yachting\/","title":{"rendered":"Kaufen Sie Ihre eigene Luxusyacht bei ABIM Yachting"},"content":{"rendered":"\n\n\t&nbsp;\n<h1>\n\t\tPaginatitel (h1)\n\t<\/h1>\n\t<p>Sind Sie auf der Suche nach Ihrer idealen Luxusyacht? Dann sind Sie bei ABIM Yachting in Ossenzijl in der N\u00e4he des Niederl\u00e4ndischen Ijsselmeeres an der richtigen Adresse. Mit Leidenschaft und langj\u00e4hriger Erfahrung bauen wir Ihre neue Luxusyacht und ber\u00fccksichtigen dabei Ihre pers\u00f6nlichen W\u00fcnsche.<\/p>\n\t\t\t<a href=\"https:\/\/abim.eu\/\/model-aanbod\/\" target=\"_self\">\n\t\t\t\t\t\t\tEntdecken Sie hier die Auswahl unserer Modelle\n\t\t\t\t\t<\/a>\n<h2>\n\t\tWarum eine Luxusyacht von ABIM Yachting kaufen?\n\t<\/h2>\n\t<p>Das Team von ABIM Yachting kombiniert seine langj\u00e4hrige Erfahrung und umfassendes Know-how beim Bau von Luxus-Stahlyachten, die den h\u00f6chsten Anspr\u00fcchen gen\u00fcgen. Unsere Luxusyachten sind f\u00fcr lange Kreuzfahrten konzipiert und bieten eine unvergleichliche Kombination aus Komfort und Leistung. In die technische Ausstattung und das Interieur-Design flie\u00dfen ihre pers\u00f6nlichen W\u00fcnsche ein.<\/p>\n<h2>\n\t\tWas macht unsere Luxus-Motoryachten so besonders?\n\t<\/h2>\n\t\t\t <p>Hervorragende Fahreigenschaften<\/p>\t\t\n\t\t\t <p>Entwurf und Herstellung mit Liebe zum Detail<\/p>\t\t\n\t\t\t <p>Eine Kaj\u00fcte mit gro\u00dfem Wohn-, K\u00fcchen- und Essbereich<\/p>\t\t\n\t\t\t <p>Ein weiterer ger\u00e4umiger Wohnbereich auf dem Achterdeck mit einer sch\u00f6nen Wendeltreppe zur Badeplattform<\/p>\t\t\n\t\t\t <p>Separate Dusch- und WC-Anlagen<\/p>\t\t\n\t\t\t <p>Klassische Linienf\u00fchrung mit breiten Seitendecks<\/p>\t\t\n\t\t\t <p>Besonders leistungsstarke Vetus-Motoren<\/p>\t\t\n\t\t\t <p>L\u00e4ngen von 11,40 bis 15,40 Meter<\/p>\t\t\n\t\t\t <p>Sie haben Einfluss auf alle Komponenten Ihrer Yacht<\/p>\t\t\n\t<p>Bootstouren mit unseren Stahl-Motoryachten sind ein wahres Vergn\u00fcgen vom Moment der Abfahrt bis zur R\u00fcckkehr in Ihren Heimathafen. Sie m\u00f6chten mehr von unserer Handwerkskunst sehen? Besuchen Sie unsere Werft.<\/p>\n<h2>\n\t\tWarum bei ABIM eine luxuri\u00f6se Yacht aus Stahl kaufen?\n\t<\/h2>\n\t<p>Da die Anschaffung einer Yacht mit einer gro\u00dfen Investition verbunden ist, handelt es sich bei der Wahl des richtigen Modells um eine wichtige Entscheidung. Wir bei ABIM Yachting sind davon \u00fcberzeugt, dass Sie mit unseren Stahlyachten in ein unvergessliches Erlebnis investieren. Da unsere Motoryachten vollst\u00e4ndig aus Stahl gefertigt und mit innovativen Technologien ausgestattet werden, bleibt der Wert Ihrer Investition \u00fcber eine sehr lange Zeit erhalten. Zu den Ausstattungsm\u00f6glichkeiten geh\u00f6ren elektrisch betriebene Ankerstangen, leistungsstarke Motoren und Navigationssysteme, die dem aktuellsten Standard entsprechen.<\/p>\n\t\t\t\t<a\n\t\t\thref=\"https:\/\/abim.eu\/\/wp-content\/uploads\/IMG_0584-1-scaled-2.jpg\"\n\t\t\t\t\t\tdata-fancybox=\"images\" \n\t\t\ttitle=\"IMG_0584-1-scaled\" \n\t\t\t\t\t\tdata-description=\"\" \n\t\t\titemprop=\"contentUrl\">\n\t\t\t<img loading=\"lazy\" decoding=\"async\" src=\"https:\/\/abim.eu\/\/wp-content\/uploads\/IMG_0584-1-scaled-2.jpg\" alt=\"\" data-no-lazy=\"1\" itemprop=\"thumbnail\" width=\"2560\" height=\"1707\" \/>\n\t\t\t<!-- Overlay Wrapper -->\n\t\t\t <!-- Overlay Wrapper Closed -->\n\t\t\t\t<\/a>\n\t\t\t\t\t\t\t<meta itemprop=\"width\" content=\"2560\" \/>\n\t\t\t<meta itemprop=\"height\" content=\"1707\" \/>\n\t\t\t\t<a\n\t\t\thref=\"https:\/\/abim.eu\/\/wp-content\/uploads\/IMG_0573-1-scaled-1.jpg\"\n\t\t\t\t\t\tdata-fancybox=\"images\" \n\t\t\ttitle=\"IMG_0573-1-scaled\" \n\t\t\t\t\t\tdata-description=\"\" \n\t\t\titemprop=\"contentUrl\">\n\t\t\t<img loading=\"lazy\" decoding=\"async\" src=\"https:\/\/abim.eu\/\/wp-content\/uploads\/IMG_0573-1-scaled-1.jpg\" alt=\"\" data-no-lazy=\"1\" itemprop=\"thumbnail\" width=\"2560\" height=\"1707\" \/>\n\t\t\t<!-- Overlay Wrapper -->\n\t\t\t <!-- Overlay Wrapper Closed -->\n\t\t\t\t<\/a>\n\t\t\t\t\t\t\t<meta itemprop=\"width\" content=\"2560\" \/>\n\t\t\t<meta itemprop=\"height\" content=\"1707\" \/>\n\t&nbsp;\n<h2>\n\t\tSind Sie bereit, Ihre Traumyacht zu realisieren?\n\t<\/h2>\n\t<p>Kontaktieren Sie uns noch heute f\u00fcr weitere Informationen oder zur Vereinbarung eines Termins f\u00fcr ein pers\u00f6nliches Gespr\u00e4ch. Besuchen Sie dazu unsere Website ABIM Yachting oder rufen Sie uns an unter der Rufnummer\u00a0<a href=\"tel:0031514592060\">+31 (0)514-592060<\/a>. Ihr ultimativer nautischer Lebensstil erwartet Sie!<\/p>\n\n","protected":false},"excerpt":{"rendered":"<p>&nbsp; Paginatitel (h1) Sind Sie auf der Suche nach Ihrer idealen Luxusyacht? Dann sind Sie bei ABIM Yachting in Ossenzijl in der N\u00e4he des Niederl\u00e4ndischen Ijsselmeeres an der richtigen Adresse. Mit Leidenschaft und langj\u00e4hriger Erfahrung bauen wir Ihre neue Luxusyacht und ber\u00fccksichtigen dabei Ihre pers\u00f6nlichen W\u00fcnsche. Entdecken Sie hier die Auswahl unserer Modelle Warum eine&hellip;<\/p>\n","protected":false},"author":1,"featured_media":0,"parent":0,"menu_order":103,"comment_status":"closed","ping_status":"closed","template":"","meta":{"footnotes":""},"class_list":["post-8921","page","type-page","status-publish","hentry"],"_links":{"self":[{"href":"https:\/\/abim.eu\/de\/wp-json\/wp\/v2\/pages\/8921","targetHints":{"allow":["GET"]}}],"collection":[{"href":"https:\/\/abim.eu\/de\/wp-json\/wp\/v2\/pages"}],"about":[{"href":"https:\/\/abim.eu\/de\/wp-json\/wp\/v2\/types\/page"}],"author":[{"embeddable":true,"href":"https:\/\/abim.eu\/de\/wp-json\/wp\/v2\/users\/1"}],"replies":[{"embeddable":true,"href":"https:\/\/abim.eu\/de\/wp-json\/wp\/v2\/comments?post=8921"}],"version-history":[{"count":0,"href":"https:\/\/abim.eu\/de\/wp-json\/wp\/v2\/pages\/8921\/revisions"}],"wp:attachment":[{"href":"https:\/\/abim.eu\/de\/wp-json\/wp\/v2\/media?parent=8921"}],"curies":[{"name":"wp","href":"https:\/\/api.w.org\/{rel}","templated":true}]}}