{"id":8926,"date":"2023-11-01T14:47:27","date_gmt":"2023-11-01T13:47:27","guid":{"rendered":"https:\/\/www.abim.eu\/?page_id=8926"},"modified":"2025-01-29T16:54:09","modified_gmt":"2025-01-29T15:54:09","slug":"der-prozess-des-kaufs-und-baus-einer-stahl-motoryacht-bei-abim-yachting-bv","status":"publish","type":"page","link":"https:\/\/abim.eu\/de\/der-prozess-des-kaufs-und-baus-einer-stahl-motoryacht-bei-abim-yachting-bv\/","title":{"rendered":"Der Prozess des Kaufs und Baus einer Stahl-Motoryacht bei ABIM Yachting BV"},"content":{"rendered":"\n\n\t&nbsp;\n<h1>\n\t\tPaginatitel (h1)\n\t<\/h1>\n<h2>\n\t\tIhre individuelle Traumyacht mit ABIM Yachting BV\n\t<\/h2>\n\t<p>Unser Team von ABIM Yachting BV begleitet Sie Schritt f\u00fcr Schritt bei der Auswahl, dem Kauf und dem Bau der f\u00fcr Ihre W\u00fcnsche idealen Stahl-Motoryacht, vom ersten Besuch auf unserem Hof bis zur festlichen \u00dcbergabe. Wir sorgen daf\u00fcr, dass die Entstehung Ihres neuen, auf Ihre pers\u00f6nlichen Bed\u00fcrfnisse zugeschnittenen Schiffs reibungslos verl\u00e4uft und zu einem einzigartigen Erlebnis f\u00fcr Sie wird.<\/p>\n\t\t\t<a href=\"https:\/\/abim.eu\/\/contact\/\" target=\"_self\">\n\t\t\t\t\t\t\tVereinbaren Sie Ihr Beratungsgespr\u00e4ch\n\t\t\t\t\t<\/a>\n\t<h2>Schritt 1: W\u00e4hlen Sie Ihre Yacht<\/h2>\n<p>Bei der Auswahl Ihrer ABIM Classic Yacht spielen Ihre Fahrtenreviere und Ihr Einsatzzweck eine gro\u00dfe Rolle. Daher bieten wir Ihnen unterschiedliche Modelle an, die perfekt zu Ihren pers\u00f6nlichen Bed\u00fcrfnissen passen. W\u00e4hrend Ihres Werftbesuchs haben Sie die Gelegenheit, unsere Yachten aus n\u00e4chster N\u00e4he zu besichtigen und zu erleben. Sie sind jederzeit herzlich eingeladen, uns zu besuchen und Ihre M\u00f6glichkeiten zu erkunden.<\/p>\n<h2>Schritt 2: Der Kauf Ihrer Yacht<\/h2>\n<p>Wenn Sie sich f\u00fcr eines unserer Baukonzepte entscheiden, erstellen wir einen Vertrag, in dem wir gemeinsam alle Details wie die unterschiedlichen Zahlungsmodalit\u00e4ten und die gew\u00e4hlten Optionen festhalten. Viele unserer Kunden f\u00fcgen zu einem sp\u00e4teren Zeitpunkt weitere Optionen hinzu, um ihre Yacht weiter zu personalisieren. Mit der Vertragsunterzeichnung ist Ihr Kauf besiegelt &#8211; Sie haben eine hervorragende Entscheidung getroffen!<\/p>\n<h2>Schritt 3: Gestaltung und Einrichtung<\/h2>\n<p>Jetzt beginnt die sch\u00f6ne, kreative Phase: die Einrichtung Ihrer Yacht. Sie treffen Entscheidungen \u00fcber die Ausstattung, die Polsterung, die Holzart f\u00fcr die Vert\u00e4felung und die Gestaltung der K\u00fcchenarbeitsplatten und Ablagefl\u00e4chen in den Dusch- und WC-Bereichen. Auch Ihre Optionen f\u00fcr die Navigationsinstrumente, Heizung, Kommunikationstechnik und weiteren Ausstattungen wie Geschirrsp\u00fcler oder TV besprechen wir mit Ihnen. Der gesamte Prozess zielt darauf ab, die Yacht perfekt nach Ihrem pers\u00f6nlichen Geschmack und Ihren W\u00fcnschen zu gestalten.<\/p>\n<h2>Schritt 4: Der Bau Ihrer Yacht<\/h2>\n<p>Nach Abschluss der Planung beginnen die Arbeiten zum Bau Ihrer Yacht. Dieser Prozess beginnt mit der Bestellung der Stahlzuschnitte, die anschlie\u00dfend vom Rumpfbauer verschwei\u00dft werden. Der n\u00e4chste Arbeitsgang ist das Lackieren des Rumpfes in der von Ihnen gew\u00fcnschten Farbe. Nun beginnen die Arbeiten f\u00fcr den Einbau der Motoren, Kabel und anderen technischen Systeme. Schlie\u00dflich stellen unsere erfahrenen Tischler den Innenausbau mit traditionellen Methoden her. In der Zwischenzeit beginnt die Herstellung und Montage der Polster, des Cabrioverdecks und der Arbeitsplatten. Alle Edelstahlelemente wie die Reling, Treppengel\u00e4nder, Haltegriffe und Klampen werden sorgf\u00e4ltig und fachm\u00e4nnisch montiert.<\/p>\n<p>W\u00e4hrend der gesamten Bauphase halten wir Sie mit Fotos auf dem Laufenden. Sie sind zudem herzlich eingeladen, die Werft zu besuchen, um die Entstehung Ihrer Yacht pers\u00f6nlich mitzuerleben.<\/p>\n<h2>Schritt 5: Probefahrt<\/h2>\n<p>Sobald Ihre Yacht fertig ist, empfehlen wir Ihnen einen Probe-T\u00f6rn \u00fcber einige Wochen auf den Gew\u00e4ssern in der Umgebung unserer Werft. So k\u00f6nnen Sie in aller Ruhe pr\u00fcfen, ob alles wie gew\u00fcnscht funktioniert. Eventuelle Fragen oder gew\u00fcnschte Anpassungen k\u00f6nnen wir w\u00e4hrend dieser Zeit umgehend bearbeiten.<\/p>\n<h2>Schritt 6: Festliche Lieferung<\/h2>\n<p>Der letzte Schritt im Prozess ist die feierliche \u00dcbergabe Ihrer Yacht. Ab sofort sind Sie bereit f\u00fcr wundervolle Bootstouren in Ihren Lieblingsrevieren. Egal, ob Sie die Ostsee erkunden, durch das Mittelmeer kreuzen oder die europ\u00e4ischen Binnengew\u00e4sser entdecken m\u00f6chten: Unsere Yachten sind sowohl f\u00fcr lange Reisen als auch f\u00fcr kurze Trips konzipiert und bieten den Komfort, l\u00e4ngere Zeit an Bord zu leben.<\/p>\n<h2>Sind Sie bereit, Ihre eigene Traumyacht mit uns zu bauen?<\/h2>\n<p>Kontaktieren Sie uns noch heute und erfahren Sie, wie wir gemeinsam mit Ihnen eine einzigartige, ma\u00dfgeschneiderte Yacht schaffen k\u00f6nnen, die Ihren Anforderungen in jeder Hinsicht entspricht.<\/p>\n\t\t\t<a href=\"https:\/\/abim.eu\/\/contact\/\" target=\"_self\">\n\t\t\t\t\t\t\tKontaktieren Sie uns\n\t\t\t\t\t<\/a>\n\t\t\t\t<a\n\t\t\thref=\"https:\/\/abim.eu\/\/wp-content\/uploads\/IMG_0584-1-scaled-2.jpg\"\n\t\t\t\t\t\tdata-fancybox=\"images\" \n\t\t\ttitle=\"IMG_0584-1-scaled\" \n\t\t\t\t\t\tdata-description=\"\" \n\t\t\titemprop=\"contentUrl\">\n\t\t\t<img loading=\"lazy\" decoding=\"async\" src=\"https:\/\/abim.eu\/\/wp-content\/uploads\/IMG_0584-1-scaled-2.jpg\" alt=\"\" data-no-lazy=\"1\" itemprop=\"thumbnail\" width=\"2560\" height=\"1707\" \/>\n\t\t\t<!-- Overlay Wrapper -->\n\t\t\t <!-- Overlay Wrapper Closed -->\n\t\t\t\t<\/a>\n\t\t\t\t\t\t\t<meta itemprop=\"width\" content=\"2560\" \/>\n\t\t\t<meta itemprop=\"height\" content=\"1707\" \/>\n\t\t\t\t<a\n\t\t\thref=\"https:\/\/abim.eu\/\/wp-content\/uploads\/IMG_0573-1-scaled-1.jpg\"\n\t\t\t\t\t\tdata-fancybox=\"images\" \n\t\t\ttitle=\"IMG_0573-1-scaled\" \n\t\t\t\t\t\tdata-description=\"\" \n\t\t\titemprop=\"contentUrl\">\n\t\t\t<img loading=\"lazy\" decoding=\"async\" src=\"https:\/\/abim.eu\/\/wp-content\/uploads\/IMG_0573-1-scaled-1.jpg\" alt=\"\" data-no-lazy=\"1\" itemprop=\"thumbnail\" width=\"2560\" height=\"1707\" \/>\n\t\t\t<!-- Overlay Wrapper -->\n\t\t\t <!-- Overlay Wrapper Closed -->\n\t\t\t\t<\/a>\n\t\t\t\t\t\t\t<meta itemprop=\"width\" content=\"2560\" \/>\n\t\t\t<meta itemprop=\"height\" content=\"1707\" \/>\n\t\n","protected":false},"excerpt":{"rendered":"<p>&nbsp; Paginatitel (h1) Ihre individuelle Traumyacht mit ABIM Yachting BV Unser Team von ABIM Yachting BV begleitet Sie Schritt f\u00fcr Schritt bei der Auswahl, dem Kauf und dem Bau der f\u00fcr Ihre W\u00fcnsche idealen Stahl-Motoryacht, vom ersten Besuch auf unserem Hof bis zur festlichen \u00dcbergabe. Wir sorgen daf\u00fcr, dass die Entstehung Ihres neuen, auf Ihre&hellip;<\/p>\n","protected":false},"author":1,"featured_media":0,"parent":0,"menu_order":102,"comment_status":"closed","ping_status":"closed","template":"","meta":{"footnotes":""},"class_list":["post-8926","page","type-page","status-publish","hentry"],"_links":{"self":[{"href":"https:\/\/abim.eu\/de\/wp-json\/wp\/v2\/pages\/8926","targetHints":{"allow":["GET"]}}],"collection":[{"href":"https:\/\/abim.eu\/de\/wp-json\/wp\/v2\/pages"}],"about":[{"href":"https:\/\/abim.eu\/de\/wp-json\/wp\/v2\/types\/page"}],"author":[{"embeddable":true,"href":"https:\/\/abim.eu\/de\/wp-json\/wp\/v2\/users\/1"}],"replies":[{"embeddable":true,"href":"https:\/\/abim.eu\/de\/wp-json\/wp\/v2\/comments?post=8926"}],"version-history":[{"count":0,"href":"https:\/\/abim.eu\/de\/wp-json\/wp\/v2\/pages\/8926\/revisions"}],"wp:attachment":[{"href":"https:\/\/abim.eu\/de\/wp-json\/wp\/v2\/media?parent=8926"}],"curies":[{"name":"wp","href":"https:\/\/api.w.org\/{rel}","templated":true}]}}