{"id":9105,"date":"2025-02-14T07:09:03","date_gmt":"2025-02-14T06:09:03","guid":{"rendered":"https:\/\/www.abim.eu\/?page_id=9105"},"modified":"2025-06-02T13:37:05","modified_gmt":"2025-06-02T11:37:05","slug":"service","status":"publish","type":"page","link":"https:\/\/abim.eu\/de\/service\/","title":{"rendered":"Service"},"content":{"rendered":"\n\n\t&nbsp;\n<h1>\n\t\t\tPaginatitel (h1)\t<\/h1>\n\t<p>Wir k\u00f6nnen auf unserer Werft die folgenden Arbeiten f\u00fcr Sie Durchf\u00fchren:<\/p>\n<table  data-tablesaw-minimap>\n\t\t\t<thead>\n\t\t<tr>\n\t\t\t<th id=\"pp-table-col-1\" scope=\"col\" data-tablesaw-sortable-col>\t\t\t\t\t\n\t\t\t\t\t\t\t\t\t\t\t\tBeschreibung\t\t\t\t\t\n\t\t\t\t\t<\/th><th id=\"pp-table-col-2\" scope=\"col\" data-tablesaw-sortable-col>\t\t\t\t\t\n\t\t\t\t\t\t\t\t\t\t\t\tincl. 21% MWSt.\t\t\t\t\t\n\t\t\t\t\t<\/th>\t\t<\/tr>\n\t<\/thead>\n\t\t<tbody>\n\t\t<tr data-row-index=\"1\"><td>Kranen ins und aus dem Wasser, Absp\u00fclen und auf den Kran setzen<\/td><td>\u20ac 395,00<\/td><\/tr><tr data-row-index=\"2\"><td>Kranen ins oder aus dem Wasser<\/td><td>\u20ac 175,00<\/td><\/tr><tr data-row-index=\"3\"><td>Absp\u00fclen des Unterwasserschiffs<\/td><td>\u20ac 175,00<\/td><\/tr><tr data-row-index=\"4\"><td>Entkalken des Rumpfs<\/td><td>\u20ac 95,00<\/td><\/tr><tr data-row-index=\"5\"><td>Wachsen des Rumpfs<\/td><td>\u20ac 175,00<\/td><\/tr><tr data-row-index=\"6\"><td>Wachsen des ganzen Schiffes<\/td><td>\u20ac 395,00<\/td><\/tr><tr data-row-index=\"7\"><td>Unterwasserschiff mit Antifouling behandeln<\/td><td>\u20ac 175,- pro meter<\/td><\/tr>\t<\/tbody>\n<\/table>\n\t<p>Au\u00dferdem k\u00f6nnen Sie jederzeit ein Angebot f\u00fcr Reparaturen von Sch\u00e4den, Wiederherstellung von Anstrichen und Spot-Reparaturen anfordern<\/p>\n<p>Nehmen Sie gerne Kontakt auf unter <a href=\"mailto:info@abim.eu\">info@abim.eu<\/a> oder besuchen Sie unser B\u00fcro.<\/p>\n\n","protected":false},"excerpt":{"rendered":"<p>&nbsp; Paginatitel (h1) Wir k\u00f6nnen auf unserer Werft die folgenden Arbeiten f\u00fcr Sie Durchf\u00fchren: Beschreibung incl. 21% MWSt. Kranen ins und aus dem Wasser, Absp\u00fclen und auf den Kran setzen \u20ac 395,00 Kranen ins oder aus dem Wasser \u20ac 175,00 Absp\u00fclen des Unterwasserschiffs \u20ac 175,00 Entkalken des Rumpfs \u20ac 95,00 Wachsen des Rumpfs \u20ac 175,00&hellip;<\/p>\n","protected":false},"author":1,"featured_media":0,"parent":0,"menu_order":12,"comment_status":"closed","ping_status":"closed","template":"","meta":{"footnotes":""},"class_list":["post-9105","page","type-page","status-publish","hentry"],"_links":{"self":[{"href":"https:\/\/abim.eu\/de\/wp-json\/wp\/v2\/pages\/9105","targetHints":{"allow":["GET"]}}],"collection":[{"href":"https:\/\/abim.eu\/de\/wp-json\/wp\/v2\/pages"}],"about":[{"href":"https:\/\/abim.eu\/de\/wp-json\/wp\/v2\/types\/page"}],"author":[{"embeddable":true,"href":"https:\/\/abim.eu\/de\/wp-json\/wp\/v2\/users\/1"}],"replies":[{"embeddable":true,"href":"https:\/\/abim.eu\/de\/wp-json\/wp\/v2\/comments?post=9105"}],"version-history":[{"count":1,"href":"https:\/\/abim.eu\/de\/wp-json\/wp\/v2\/pages\/9105\/revisions"}],"predecessor-version":[{"id":9492,"href":"https:\/\/abim.eu\/de\/wp-json\/wp\/v2\/pages\/9105\/revisions\/9492"}],"wp:attachment":[{"href":"https:\/\/abim.eu\/de\/wp-json\/wp\/v2\/media?parent=9105"}],"curies":[{"name":"wp","href":"https:\/\/api.w.org\/{rel}","templated":true}]}}