{"id":8444,"date":"2024-12-13T08:13:31","date_gmt":"2024-12-13T07:13:31","guid":{"rendered":"https:\/\/www.abim.eu\/product\/liegeplatz-linie\/"},"modified":"2025-02-07T13:23:15","modified_gmt":"2025-02-07T12:23:15","slug":"liegeplatz-linie","status":"publish","type":"product","link":"https:\/\/abim.eu\/de\/produkt\/liegeplatz-linie\/","title":{"rendered":"\ufeffLiegeplatz-Linie"},"content":{"rendered":"<p>Geflochtene schwarze Festmacherleine aus Polyester, Durchmesser 14 mm, L\u00e4nge 15 m, mit hoher Elastizit\u00e4t. Die Leine bleibt geschmeidig, knickt nicht und knarrt nicht. Ausgestattet mit einer 40 cm langen gesplei\u00dften \u00d6se und einer Winde am Spalt und am Ende der Leine.<\/p>\n<p><strong>Spezifikationen:<\/strong><\/p>\n<ul>\n<li>L\u00e4nge: 1500 cm.<\/li>\n<li>Dicke: 14 mm.<\/li>\n<li>Material: Polyester\/pp<\/li>\n<li>Farbe: schwarz<\/li>\n<\/ul>\n","protected":false},"excerpt":{"rendered":"<p>Geflochtene schwarze Festmacherleine aus Polyester, Durchmesser 14 mm, L\u00e4nge 15 m, mit hoher Elastizit\u00e4t. Die Leine bleibt geschmeidig, knickt nicht und knarrt nicht. Ausgestattet mit einer 40 cm langen gesplei\u00dften \u00d6se und einer Winde am Spalt und am Ende der Leine. Spezifikationen: L\u00e4nge: 1500 cm. Dicke: 14 mm. Material: Polyester\/pp Farbe: schwarz<\/p>\n","protected":false},"featured_media":8960,"template":"","meta":[],"product_brand":[],"product_cat":[83],"product_tag":[],"class_list":{"0":"post-8444","1":"product","2":"type-product","3":"status-publish","4":"has-post-thumbnail","6":"product_cat-ersatzteile","7":"product_shipping_class-pakket-1-de","9":"first","10":"instock","11":"taxable","12":"shipping-taxable","13":"purchasable","14":"product-type-simple"},"_links":{"self":[{"href":"https:\/\/abim.eu\/de\/wp-json\/wp\/v2\/product\/8444","targetHints":{"allow":["GET"]}}],"collection":[{"href":"https:\/\/abim.eu\/de\/wp-json\/wp\/v2\/product"}],"about":[{"href":"https:\/\/abim.eu\/de\/wp-json\/wp\/v2\/types\/product"}],"wp:featuredmedia":[{"embeddable":true,"href":"https:\/\/abim.eu\/de\/wp-json\/wp\/v2\/media\/8960"}],"wp:attachment":[{"href":"https:\/\/abim.eu\/de\/wp-json\/wp\/v2\/media?parent=8444"}],"wp:term":[{"taxonomy":"product_brand","embeddable":true,"href":"https:\/\/abim.eu\/de\/wp-json\/wp\/v2\/product_brand?post=8444"},{"taxonomy":"product_cat","embeddable":true,"href":"https:\/\/abim.eu\/de\/wp-json\/wp\/v2\/product_cat?post=8444"},{"taxonomy":"product_tag","embeddable":true,"href":"https:\/\/abim.eu\/de\/wp-json\/wp\/v2\/product_tag?post=8444"}],"curies":[{"name":"wp","href":"https:\/\/api.w.org\/{rel}","templated":true}]}}