{"id":8456,"date":"2024-12-13T08:12:14","date_gmt":"2024-12-13T07:12:14","guid":{"rendered":"https:\/\/www.abim.eu\/product\/fender-seil\/"},"modified":"2025-02-07T13:28:49","modified_gmt":"2025-02-07T12:28:49","slug":"fender-seil","status":"publish","type":"product","link":"https:\/\/abim.eu\/de\/produkt\/fender-seil\/","title":{"rendered":"Fender + Seil"},"content":{"rendered":"<p><strong>Zylinder Fender:<\/strong> Fender anthrazit, Modell star 5, Ma\u00dfe: 90 x 30 cm. mit ABIM-Logo.<\/p>\n<p><strong>Spezifikationen:<\/strong><\/p>\n<ul>\n<li>Produktabmessungen: 90 x 30 cm<\/li>\n<li>Leicht aufblasbar durch Kugelventil<\/li>\n<li>Robuste \u00d6sen<\/li>\n<li>Gewicht: 4 kg.<\/li>\n<\/ul>\n<p><strong>Fenderseil:<\/strong> Geflochtenes schwarzes Fenderseil aus Polyester, Durchmesser 8 mm. L\u00e4nge 2,5 m. Ausgestattet mit 10 cm langem Spaltauge und Takelage am Splei\u00df und am Ende der Leine. Paarweise verpackt.<\/p>\n<p><strong>Spezifikationen:<\/strong><\/p>\n<ul>\n<li>Verpackt pro 2 St\u00fcck<\/li>\n<li>L\u00e4nge: 250 cm.<\/li>\n<li>Dicke: 8 mm.<\/li>\n<li>Material: Polyester\/pp<\/li>\n<li>Farbe: schwarz<\/li>\n<\/ul>\n","protected":false},"excerpt":{"rendered":"<p>Zylinder Fender: Fender anthrazit, Modell star 5, Ma\u00dfe: 90 x 30 cm. mit ABIM-Logo. Spezifikationen: Produktabmessungen: 90 x 30 cm Leicht aufblasbar durch Kugelventil Robuste \u00d6sen Gewicht: 4 kg. Fenderseil: Geflochtenes schwarzes Fenderseil aus Polyester, Durchmesser 8 mm. L\u00e4nge 2,5 m. Ausgestattet mit 10 cm langem Spaltauge und Takelage am Splei\u00df und am Ende der&hellip;<\/p>\n","protected":false},"featured_media":8738,"template":"","meta":[],"product_brand":[],"product_cat":[83],"product_tag":[],"class_list":{"0":"post-8456","1":"product","2":"type-product","3":"status-publish","4":"has-post-thumbnail","6":"product_cat-ersatzteile","7":"product_shipping_class-pakket-2-de","9":"first","10":"instock","11":"taxable","12":"shipping-taxable","13":"purchasable","14":"product-type-simple"},"_links":{"self":[{"href":"https:\/\/abim.eu\/de\/wp-json\/wp\/v2\/product\/8456","targetHints":{"allow":["GET"]}}],"collection":[{"href":"https:\/\/abim.eu\/de\/wp-json\/wp\/v2\/product"}],"about":[{"href":"https:\/\/abim.eu\/de\/wp-json\/wp\/v2\/types\/product"}],"wp:featuredmedia":[{"embeddable":true,"href":"https:\/\/abim.eu\/de\/wp-json\/wp\/v2\/media\/8738"}],"wp:attachment":[{"href":"https:\/\/abim.eu\/de\/wp-json\/wp\/v2\/media?parent=8456"}],"wp:term":[{"taxonomy":"product_brand","embeddable":true,"href":"https:\/\/abim.eu\/de\/wp-json\/wp\/v2\/product_brand?post=8456"},{"taxonomy":"product_cat","embeddable":true,"href":"https:\/\/abim.eu\/de\/wp-json\/wp\/v2\/product_cat?post=8456"},{"taxonomy":"product_tag","embeddable":true,"href":"https:\/\/abim.eu\/de\/wp-json\/wp\/v2\/product_tag?post=8456"}],"curies":[{"name":"wp","href":"https:\/\/api.w.org\/{rel}","templated":true}]}}