{"id":8457,"date":"2024-12-13T08:09:34","date_gmt":"2024-12-13T07:09:34","guid":{"rendered":"https:\/\/www.abim.eu\/product\/fender-seil-2\/"},"modified":"2025-02-07T13:31:51","modified_gmt":"2025-02-07T12:31:51","slug":"fender-seil-2","status":"publish","type":"product","link":"https:\/\/abim.eu\/de\/produkt\/fender-seil-2\/","title":{"rendered":"Fenderleine"},"content":{"rendered":"<p>Geflochtene schwarze Fenderleine aus Polyester, Durchmesser 8 mm, L\u00e4nge 2,5 m. . Ausgestattet mit einer 10 cm langen geteilten \u00d6se und Verzweigungen an der Spaltung und am Ende der Leine. Paarweise verpackt.<\/p>\n<p><strong>Spezifikationen:<\/strong><\/p>\n<ul>\n<li>Verpackt pro 2 St\u00fcck<\/li>\n<li>L\u00e4nge: 250 cm.<\/li>\n<li>Dicke: 8 mm.<\/li>\n<li>Material: Polyester\/pp<\/li>\n<li>Farbe: schwarz<\/li>\n<\/ul>\n","protected":false},"excerpt":{"rendered":"<p>Geflochtene schwarze Fenderleine aus Polyester, Durchmesser 8 mm, L\u00e4nge 2,5 m. . Ausgestattet mit einer 10 cm langen geteilten \u00d6se und Verzweigungen an der Spaltung und am Ende der Leine. Paarweise verpackt. Spezifikationen: Verpackt pro 2 St\u00fcck L\u00e4nge: 250 cm. Dicke: 8 mm. Material: Polyester\/pp Farbe: schwarz<\/p>\n","protected":false},"featured_media":8957,"template":"","meta":[],"product_brand":[],"product_cat":[83],"product_tag":[],"class_list":{"0":"post-8457","1":"product","2":"type-product","3":"status-publish","4":"has-post-thumbnail","6":"product_cat-ersatzteile","7":"product_shipping_class-pakket-1-de","9":"first","10":"instock","11":"taxable","12":"shipping-taxable","13":"purchasable","14":"product-type-simple"},"_links":{"self":[{"href":"https:\/\/abim.eu\/de\/wp-json\/wp\/v2\/product\/8457","targetHints":{"allow":["GET"]}}],"collection":[{"href":"https:\/\/abim.eu\/de\/wp-json\/wp\/v2\/product"}],"about":[{"href":"https:\/\/abim.eu\/de\/wp-json\/wp\/v2\/types\/product"}],"wp:featuredmedia":[{"embeddable":true,"href":"https:\/\/abim.eu\/de\/wp-json\/wp\/v2\/media\/8957"}],"wp:attachment":[{"href":"https:\/\/abim.eu\/de\/wp-json\/wp\/v2\/media?parent=8457"}],"wp:term":[{"taxonomy":"product_brand","embeddable":true,"href":"https:\/\/abim.eu\/de\/wp-json\/wp\/v2\/product_brand?post=8457"},{"taxonomy":"product_cat","embeddable":true,"href":"https:\/\/abim.eu\/de\/wp-json\/wp\/v2\/product_cat?post=8457"},{"taxonomy":"product_tag","embeddable":true,"href":"https:\/\/abim.eu\/de\/wp-json\/wp\/v2\/product_tag?post=8457"}],"curies":[{"name":"wp","href":"https:\/\/api.w.org\/{rel}","templated":true}]}}