{"id":8472,"date":"2024-12-13T07:39:36","date_gmt":"2024-12-13T06:39:36","guid":{"rendered":"https:\/\/www.abim.eu\/product\/fussmatte\/"},"modified":"2025-02-07T14:53:47","modified_gmt":"2025-02-07T13:53:47","slug":"fussmatte","status":"publish","type":"product","link":"https:\/\/abim.eu\/de\/produkt\/fussmatte\/","title":{"rendered":"Fu\u00dfmatte"},"content":{"rendered":"<p>Teppich 70 x 50 cm. bedruckt mit einem Foto eines ABIM Classic vor der untergehenden Sonne.<\/p>\n<p><strong>Spezifikationen:<\/strong><\/p>\n<ul>\n<li>1500 gr\/m\u00b2 Teppich mit matter Oberfl\u00e4che<\/li>\n<li>Leicht zu reinigen durch die verarbeiteten Textilfasern<\/li>\n<li>Lebendiger Fotodruck \u00fcber die gesamte Fl\u00e4che in hoher Aufl\u00f6sung<\/li>\n<li>UV-best\u00e4ndig und rutschfest<\/li>\n<li>Umweltfreundliches Herstellungsverfahren<\/li>\n<li>Gr\u00f6\u00dfe: 70 x 50 cm.<\/li>\n<\/ul>\n","protected":false},"excerpt":{"rendered":"<p>Teppich 70 x 50 cm. bedruckt mit einem Foto eines ABIM Classic vor der untergehenden Sonne. Spezifikationen: 1500 gr\/m\u00b2 Teppich mit matter Oberfl\u00e4che Leicht zu reinigen durch die verarbeiteten Textilfasern Lebendiger Fotodruck \u00fcber die gesamte Fl\u00e4che in hoher Aufl\u00f6sung UV-best\u00e4ndig und rutschfest Umweltfreundliches Herstellungsverfahren Gr\u00f6\u00dfe: 70 x 50 cm.<\/p>\n","protected":false},"featured_media":8729,"template":"","meta":[],"product_brand":[],"product_cat":[82],"product_tag":[],"class_list":{"0":"post-8472","1":"product","2":"type-product","3":"status-publish","4":"has-post-thumbnail","6":"product_cat-gadgets-de","7":"product_shipping_class-pakket-1-de","9":"first","10":"instock","11":"taxable","12":"shipping-taxable","13":"purchasable","14":"product-type-simple"},"_links":{"self":[{"href":"https:\/\/abim.eu\/de\/wp-json\/wp\/v2\/product\/8472","targetHints":{"allow":["GET"]}}],"collection":[{"href":"https:\/\/abim.eu\/de\/wp-json\/wp\/v2\/product"}],"about":[{"href":"https:\/\/abim.eu\/de\/wp-json\/wp\/v2\/types\/product"}],"wp:featuredmedia":[{"embeddable":true,"href":"https:\/\/abim.eu\/de\/wp-json\/wp\/v2\/media\/8729"}],"wp:attachment":[{"href":"https:\/\/abim.eu\/de\/wp-json\/wp\/v2\/media?parent=8472"}],"wp:term":[{"taxonomy":"product_brand","embeddable":true,"href":"https:\/\/abim.eu\/de\/wp-json\/wp\/v2\/product_brand?post=8472"},{"taxonomy":"product_cat","embeddable":true,"href":"https:\/\/abim.eu\/de\/wp-json\/wp\/v2\/product_cat?post=8472"},{"taxonomy":"product_tag","embeddable":true,"href":"https:\/\/abim.eu\/de\/wp-json\/wp\/v2\/product_tag?post=8472"}],"curies":[{"name":"wp","href":"https:\/\/api.w.org\/{rel}","templated":true}]}}