{"id":8474,"date":"2024-12-13T07:53:58","date_gmt":"2024-12-13T06:53:58","guid":{"rendered":"https:\/\/www.abim.eu\/product\/kaffeegeschirr\/"},"modified":"2025-02-07T14:51:24","modified_gmt":"2025-02-07T13:51:24","slug":"kaffeegeschirr","status":"publish","type":"product","link":"https:\/\/abim.eu\/de\/produkt\/kaffeegeschirr\/","title":{"rendered":"Kaffeegeschirr"},"content":{"rendered":"<p>4 St\u00fcck Dom Cappuccino wei\u00dfes Porzellan sp\u00fclmaschinenfest 20 cl Kaffeetassen mit dem ABIM-Logo.<\/p>\n<p><strong>Spezifikationen:<\/strong><\/p>\n<ul>\n<li>Fassungsverm\u00f6gen: 20 cl<\/li>\n<li>H\u00f6he: 7 cm<\/li>\n<li>Durchmesser: 8,8 cm<\/li>\n<li>Farbe: wei\u00df<\/li>\n<li>Modell: Dom White<\/li>\n<li>Material: Porzellan<\/li>\n<li>Verpackt: Schachtel mit 4 St\u00fcck<\/li>\n<li>Sp\u00fclmaschinenfest<\/li>\n<\/ul>\n","protected":false},"excerpt":{"rendered":"<p>4 St\u00fcck Dom Cappuccino wei\u00dfes Porzellan sp\u00fclmaschinenfest 20 cl Kaffeetassen mit dem ABIM-Logo. Spezifikationen: Fassungsverm\u00f6gen: 20 cl H\u00f6he: 7 cm Durchmesser: 8,8 cm Farbe: wei\u00df Modell: Dom White Material: Porzellan Verpackt: Schachtel mit 4 St\u00fcck Sp\u00fclmaschinenfest<\/p>\n","protected":false},"featured_media":8771,"template":"","meta":[],"product_brand":[],"product_cat":[82],"product_tag":[],"class_list":{"0":"post-8474","1":"product","2":"type-product","3":"status-publish","4":"has-post-thumbnail","6":"product_cat-gadgets-de","7":"product_shipping_class-pakket-1-de","9":"first","10":"instock","11":"taxable","12":"shipping-taxable","13":"purchasable","14":"product-type-simple"},"_links":{"self":[{"href":"https:\/\/abim.eu\/de\/wp-json\/wp\/v2\/product\/8474","targetHints":{"allow":["GET"]}}],"collection":[{"href":"https:\/\/abim.eu\/de\/wp-json\/wp\/v2\/product"}],"about":[{"href":"https:\/\/abim.eu\/de\/wp-json\/wp\/v2\/types\/product"}],"wp:featuredmedia":[{"embeddable":true,"href":"https:\/\/abim.eu\/de\/wp-json\/wp\/v2\/media\/8771"}],"wp:attachment":[{"href":"https:\/\/abim.eu\/de\/wp-json\/wp\/v2\/media?parent=8474"}],"wp:term":[{"taxonomy":"product_brand","embeddable":true,"href":"https:\/\/abim.eu\/de\/wp-json\/wp\/v2\/product_brand?post=8474"},{"taxonomy":"product_cat","embeddable":true,"href":"https:\/\/abim.eu\/de\/wp-json\/wp\/v2\/product_cat?post=8474"},{"taxonomy":"product_tag","embeddable":true,"href":"https:\/\/abim.eu\/de\/wp-json\/wp\/v2\/product_tag?post=8474"}],"curies":[{"name":"wp","href":"https:\/\/api.w.org\/{rel}","templated":true}]}}