{"id":8477,"date":"2024-12-13T07:58:07","date_gmt":"2024-12-13T06:58:07","guid":{"rendered":"https:\/\/www.abim.eu\/product\/champagnerglas\/"},"modified":"2025-02-07T14:48:51","modified_gmt":"2025-02-07T13:48:51","slug":"champagnerglas","status":"publish","type":"product","link":"https:\/\/abim.eu\/de\/produkt\/champagnerglas\/","title":{"rendered":"Champagnergl\u00e4ser"},"content":{"rendered":"<p>6 St\u00fcck Champagnergl\u00e4ser.<br \/>\nTyp: Fl\u00f6te mit einem Fassungsverm\u00f6gen von 21 cl. Klarglas mit ABIM-Logo-Druck.<\/p>\n<p><strong>Spezifikationen:<\/strong><\/p>\n<ul>\n<li>Kapazit\u00e4t: 21 cl<\/li>\n<li>H\u00f6he: 22,9 cm<\/li>\n<li>Durchmesser: 6,3 cm<\/li>\n<li>Sp\u00fclmaschinenfest<\/li>\n<li>Verpackt: Schachtel mit 6 St\u00fcck<\/li>\n<\/ul>\n","protected":false},"excerpt":{"rendered":"<p>6 St\u00fcck Champagnergl\u00e4ser. Typ: Fl\u00f6te mit einem Fassungsverm\u00f6gen von 21 cl. Klarglas mit ABIM-Logo-Druck. Spezifikationen: Kapazit\u00e4t: 21 cl H\u00f6he: 22,9 cm Durchmesser: 6,3 cm Sp\u00fclmaschinenfest Verpackt: Schachtel mit 6 St\u00fcck<\/p>\n","protected":false},"featured_media":8723,"template":"","meta":[],"product_brand":[],"product_cat":[82],"product_tag":[],"class_list":{"0":"post-8477","1":"product","2":"type-product","3":"status-publish","4":"has-post-thumbnail","6":"product_cat-gadgets-de","7":"product_shipping_class-pakket-1-de","9":"first","10":"instock","11":"taxable","12":"shipping-taxable","13":"purchasable","14":"product-type-simple"},"_links":{"self":[{"href":"https:\/\/abim.eu\/de\/wp-json\/wp\/v2\/product\/8477","targetHints":{"allow":["GET"]}}],"collection":[{"href":"https:\/\/abim.eu\/de\/wp-json\/wp\/v2\/product"}],"about":[{"href":"https:\/\/abim.eu\/de\/wp-json\/wp\/v2\/types\/product"}],"wp:featuredmedia":[{"embeddable":true,"href":"https:\/\/abim.eu\/de\/wp-json\/wp\/v2\/media\/8723"}],"wp:attachment":[{"href":"https:\/\/abim.eu\/de\/wp-json\/wp\/v2\/media?parent=8477"}],"wp:term":[{"taxonomy":"product_brand","embeddable":true,"href":"https:\/\/abim.eu\/de\/wp-json\/wp\/v2\/product_brand?post=8477"},{"taxonomy":"product_cat","embeddable":true,"href":"https:\/\/abim.eu\/de\/wp-json\/wp\/v2\/product_cat?post=8477"},{"taxonomy":"product_tag","embeddable":true,"href":"https:\/\/abim.eu\/de\/wp-json\/wp\/v2\/product_tag?post=8477"}],"curies":[{"name":"wp","href":"https:\/\/api.w.org\/{rel}","templated":true}]}}