{"id":8870,"date":"2025-01-29T13:23:10","date_gmt":"2025-01-29T12:23:10","guid":{"rendered":"https:\/\/www.abim.eu\/?post_type=product&#038;p=8870"},"modified":"2025-02-07T13:13:30","modified_gmt":"2025-02-07T12:13:30","slug":"liegeplatz-linie-kopie","status":"publish","type":"product","link":"https:\/\/abim.eu\/de\/produkt\/liegeplatz-linie-kopie\/","title":{"rendered":"H\u00e4ngetreppe aus Edelstahl 316 2 Stufen"},"content":{"rendered":"<p>H\u00e4ngeleiter aus rostfreiem Stahl mit zwei Stufen und zwei Aufh\u00e4ngeb\u00fcgeln, f\u00fcr den Einsatz bei niedrigen Abstufungen oder z. B. bei Schwebeger\u00fcsten.<\/p>\n<p><strong>Spezifikationen:<\/strong><\/p>\n<ul>\n<li>Edelstahl 316<\/li>\n<li>L\u00e4nge: 40 cm.<\/li>\n<li>Breite: 40 cm.<\/li>\n<\/ul>\n","protected":false},"excerpt":{"rendered":"<p>H\u00e4ngeleiter aus rostfreiem Stahl mit zwei Stufen und zwei Aufh\u00e4ngeb\u00fcgeln, f\u00fcr den Einsatz bei niedrigen Abstufungen oder z. B. bei Schwebeger\u00fcsten. Spezifikationen: Edelstahl 316 L\u00e4nge: 40 cm. Breite: 40 cm.<\/p>\n","protected":false},"featured_media":8753,"template":"","meta":[],"product_brand":[],"product_cat":[83],"product_tag":[],"class_list":{"0":"post-8870","1":"product","2":"type-product","3":"status-publish","4":"has-post-thumbnail","6":"product_cat-ersatzteile","7":"product_shipping_class-medium-paket","9":"first","10":"instock","11":"taxable","12":"shipping-taxable","13":"purchasable","14":"product-type-simple"},"_links":{"self":[{"href":"https:\/\/abim.eu\/de\/wp-json\/wp\/v2\/product\/8870","targetHints":{"allow":["GET"]}}],"collection":[{"href":"https:\/\/abim.eu\/de\/wp-json\/wp\/v2\/product"}],"about":[{"href":"https:\/\/abim.eu\/de\/wp-json\/wp\/v2\/types\/product"}],"wp:featuredmedia":[{"embeddable":true,"href":"https:\/\/abim.eu\/de\/wp-json\/wp\/v2\/media\/8753"}],"wp:attachment":[{"href":"https:\/\/abim.eu\/de\/wp-json\/wp\/v2\/media?parent=8870"}],"wp:term":[{"taxonomy":"product_brand","embeddable":true,"href":"https:\/\/abim.eu\/de\/wp-json\/wp\/v2\/product_brand?post=8870"},{"taxonomy":"product_cat","embeddable":true,"href":"https:\/\/abim.eu\/de\/wp-json\/wp\/v2\/product_cat?post=8870"},{"taxonomy":"product_tag","embeddable":true,"href":"https:\/\/abim.eu\/de\/wp-json\/wp\/v2\/product_tag?post=8870"}],"curies":[{"name":"wp","href":"https:\/\/api.w.org\/{rel}","templated":true}]}}