{"id":8891,"date":"2025-01-29T14:51:00","date_gmt":"2025-01-29T13:51:00","guid":{"rendered":"https:\/\/www.abim.eu\/?post_type=product&#038;p=8891"},"modified":"2025-02-07T12:53:42","modified_gmt":"2025-02-07T11:53:42","slug":"liegeplatz-linie-kopie-kopie-kopie-kopie","status":"publish","type":"product","link":"https:\/\/abim.eu\/de\/produkt\/liegeplatz-linie-kopie-kopie-kopie-kopie\/","title":{"rendered":"Edelstahl 316 Endkappe Kabelabweiser"},"content":{"rendered":"<p>Abdeckkappe aus Edelstahl, Durchmesser 11 cm, L\u00e4nge 45-50 cm. f\u00fcr Kabelringende mit Kunststoff-F\u00fchrungsring.<\/p>\n<p><strong>Spezifikationen:<\/strong><\/p>\n<ul>\n<li>Edelstahl 316<\/li>\n<li>L\u00e4nge: 45-50 cm<\/li>\n<li>Durchmesser: 11cm, 12cm oder 14cm.<\/li>\n<\/ul>\n","protected":false},"excerpt":{"rendered":"<p>Abdeckkappe aus Edelstahl, Durchmesser 11 cm, L\u00e4nge 45-50 cm. f\u00fcr Kabelringende mit Kunststoff-F\u00fchrungsring. Spezifikationen: Edelstahl 316 L\u00e4nge: 45-50 cm Durchmesser: 11cm, 12cm oder 14cm.<\/p>\n","protected":false},"featured_media":8774,"template":"","meta":[],"product_brand":[],"product_cat":[83],"product_tag":[],"class_list":{"0":"post-8891","1":"product","2":"type-product","3":"status-publish","4":"has-post-thumbnail","6":"product_cat-ersatzteile","7":"product_shipping_class-pakket-2-de","9":"first","10":"instock","11":"taxable","12":"shipping-taxable","13":"purchasable","14":"product-type-variable"},"_links":{"self":[{"href":"https:\/\/abim.eu\/de\/wp-json\/wp\/v2\/product\/8891","targetHints":{"allow":["GET"]}}],"collection":[{"href":"https:\/\/abim.eu\/de\/wp-json\/wp\/v2\/product"}],"about":[{"href":"https:\/\/abim.eu\/de\/wp-json\/wp\/v2\/types\/product"}],"wp:featuredmedia":[{"embeddable":true,"href":"https:\/\/abim.eu\/de\/wp-json\/wp\/v2\/media\/8774"}],"wp:attachment":[{"href":"https:\/\/abim.eu\/de\/wp-json\/wp\/v2\/media?parent=8891"}],"wp:term":[{"taxonomy":"product_brand","embeddable":true,"href":"https:\/\/abim.eu\/de\/wp-json\/wp\/v2\/product_brand?post=8891"},{"taxonomy":"product_cat","embeddable":true,"href":"https:\/\/abim.eu\/de\/wp-json\/wp\/v2\/product_cat?post=8891"},{"taxonomy":"product_tag","embeddable":true,"href":"https:\/\/abim.eu\/de\/wp-json\/wp\/v2\/product_tag?post=8891"}],"curies":[{"name":"wp","href":"https:\/\/api.w.org\/{rel}","templated":true}]}}