{"id":9012,"date":"2025-01-29T15:09:01","date_gmt":"2025-01-29T14:09:01","guid":{"rendered":"https:\/\/www.abim.eu\/product\/edelstahl-316-fenderhalter-klappbare-version-2-fender\/"},"modified":"2025-01-29T15:09:01","modified_gmt":"2025-01-29T14:09:01","slug":"edelstahl-316-fenderhalter-klappbare-version-2-fender","status":"publish","type":"product","link":"https:\/\/abim.eu\/de\/produkt\/edelstahl-316-fenderhalter-klappbare-version-2-fender\/","title":{"rendered":"Edelstahl 316 Fenderhalter klappbare Version 2 Fender"},"content":{"rendered":"<p>F\u00fcr mehr Platz auf dem Vordeck, wenn die Fender au\u00dfenbords h\u00e4ngen.<\/p>\n<p><strong>Spezifikationen:<\/strong><\/p>\n<ul>\n<li>Edelstahl 316<\/li>\n<li>L\u00e4nge: 56 cm<\/li>\n<li>Durchmesser: 22 cm<\/li>\n<\/ul>\n","protected":false},"excerpt":{"rendered":"<p>F\u00fcr mehr Platz auf dem Vordeck, wenn die Fender au\u00dfenbords h\u00e4ngen. Spezifikationen: Edelstahl 316 L\u00e4nge: 56 cm Durchmesser: 22 cm<\/p>\n","protected":false},"featured_media":8741,"template":"","meta":[],"product_brand":[],"product_cat":[83],"product_tag":[],"class_list":{"0":"post-9012","1":"product","2":"type-product","3":"status-publish","4":"has-post-thumbnail","6":"product_cat-ersatzteile","7":"product_shipping_class-pakket-2-de","9":"first","10":"instock","11":"taxable","12":"shipping-taxable","13":"purchasable","14":"product-type-simple"},"_links":{"self":[{"href":"https:\/\/abim.eu\/de\/wp-json\/wp\/v2\/product\/9012","targetHints":{"allow":["GET"]}}],"collection":[{"href":"https:\/\/abim.eu\/de\/wp-json\/wp\/v2\/product"}],"about":[{"href":"https:\/\/abim.eu\/de\/wp-json\/wp\/v2\/types\/product"}],"wp:featuredmedia":[{"embeddable":true,"href":"https:\/\/abim.eu\/de\/wp-json\/wp\/v2\/media\/8741"}],"wp:attachment":[{"href":"https:\/\/abim.eu\/de\/wp-json\/wp\/v2\/media?parent=9012"}],"wp:term":[{"taxonomy":"product_brand","embeddable":true,"href":"https:\/\/abim.eu\/de\/wp-json\/wp\/v2\/product_brand?post=9012"},{"taxonomy":"product_cat","embeddable":true,"href":"https:\/\/abim.eu\/de\/wp-json\/wp\/v2\/product_cat?post=9012"},{"taxonomy":"product_tag","embeddable":true,"href":"https:\/\/abim.eu\/de\/wp-json\/wp\/v2\/product_tag?post=9012"}],"curies":[{"name":"wp","href":"https:\/\/api.w.org\/{rel}","templated":true}]}}