{"id":9722,"date":"2025-09-08T13:23:52","date_gmt":"2025-09-08T11:23:52","guid":{"rendered":"https:\/\/abim.eu\/?post_type=product&#038;p=9722"},"modified":"2026-04-14T09:58:16","modified_gmt":"2026-04-14T07:58:16","slug":"edelstahl-316-fenderhalter-klappbare-version-3-fender-2","status":"publish","type":"product","link":"https:\/\/abim.eu\/de\/produkt\/edelstahl-316-fenderhalter-klappbare-version-3-fender-2\/","title":{"rendered":"Platzsparender Fenderhalter"},"content":{"rendered":"<p>F\u00fcr mehr Platz an Deck, wenn die Fender \u00fcber Bord h\u00e4ngen. Montage ohne Schwei\u00dfarbeiten, einfach die Klemme festschrauben.<\/p>\n<p><strong>Spezifikationen:<\/strong><\/p>\n<ul>\n<li>Edelstahl 316<\/li>\n<li>L\u00e4nge: 56 cm<\/li>\n<li>Durchmesser: 22 cm<\/li>\n<li>Schraubbefestigung<\/li>\n<\/ul>\n","protected":false},"excerpt":{"rendered":"<p>F\u00fcr mehr Platz an Deck, wenn die Fender \u00fcber Bord h\u00e4ngen. Montage ohne Schwei\u00dfarbeiten, einfach die Klemme festschrauben. Spezifikationen: Edelstahl 316 L\u00e4nge: 56 cm Durchmesser: 22 cm Schraubbefestigung<\/p>\n","protected":false},"featured_media":9731,"template":"","meta":[],"product_brand":[],"product_cat":[83],"product_tag":[],"class_list":{"0":"post-9722","1":"product","2":"type-product","3":"status-publish","4":"has-post-thumbnail","6":"product_cat-ersatzteile","7":"product_shipping_class-pakket-2-de","9":"first","10":"instock","11":"taxable","12":"shipping-taxable","13":"purchasable","14":"product-type-simple"},"_links":{"self":[{"href":"https:\/\/abim.eu\/de\/wp-json\/wp\/v2\/product\/9722","targetHints":{"allow":["GET"]}}],"collection":[{"href":"https:\/\/abim.eu\/de\/wp-json\/wp\/v2\/product"}],"about":[{"href":"https:\/\/abim.eu\/de\/wp-json\/wp\/v2\/types\/product"}],"wp:featuredmedia":[{"embeddable":true,"href":"https:\/\/abim.eu\/de\/wp-json\/wp\/v2\/media\/9731"}],"wp:attachment":[{"href":"https:\/\/abim.eu\/de\/wp-json\/wp\/v2\/media?parent=9722"}],"wp:term":[{"taxonomy":"product_brand","embeddable":true,"href":"https:\/\/abim.eu\/de\/wp-json\/wp\/v2\/product_brand?post=9722"},{"taxonomy":"product_cat","embeddable":true,"href":"https:\/\/abim.eu\/de\/wp-json\/wp\/v2\/product_cat?post=9722"},{"taxonomy":"product_tag","embeddable":true,"href":"https:\/\/abim.eu\/de\/wp-json\/wp\/v2\/product_tag?post=9722"}],"curies":[{"name":"wp","href":"https:\/\/api.w.org\/{rel}","templated":true}]}}